{"id":20767,"date":"2025-08-27T17:05:25","date_gmt":"2025-08-27T15:05:25","guid":{"rendered":"https:\/\/business-one-consulting.bendit.de\/?page_id=20767"},"modified":"2025-12-26T11:32:32","modified_gmt":"2025-12-26T10:32:32","slug":"feldinformationen-fms-uid","status":"publish","type":"page","link":"https:\/\/business-one-consulting.com\/en\/field-information-fms-uid\/","title":{"rendered":"Field information for FMS queries"},"content":{"rendered":"<div class=\"row\"  id=\"row-1201949912\">\n\n\t<div id=\"col-2063095401\" class=\"col small-12 large-12\"  >\n\t\t\t\t<div class=\"col-inner\"  >\n\t\t\t\n\t\t\t\n<h2>Feldinformationen f\u00fcr FMS-Abfragen<\/h2>\n<div class=\"wpb_text_column wpb_content_element \">\n<div class=\"wpb_wrapper\">\n<p>\u00dcbersicht \u00fcber die Feldinformationen (Item UID\/Column UID) f\u00fcr eine \u201eFormatted Search\u201c (FMS-Abfrage) in SAP Business One<\/p>\n<\/div>\n<\/div>\n\t\t<\/div>\n\t\t\t\t\t<\/div>\n\n\t\n\n<style>\n#row-1201949912 > .col > .col-inner {\n  padding: 50px 0px 0px 0px;\n}\n<\/style>\n<\/div>\n\n<div class=\"row\"  id=\"row-571851072\">\n\n\t<div id=\"col-1420065069\" class=\"col small-12 large-12\"  >\n\t\t\t\t<div class=\"col-inner\"  >\n\t\t\t\n\t\t\t\n\t<div id=\"text-1323674657\" class=\"text\">\n\t\t\n<div style=\"width: 100%; overflow-x: auto;\">\n<table style=\"border-collapse: collapse; width: 100%; min-width: 600px;\" cellspacing=\"0\" cellpadding=\"6\">\n<thead>\n<tr>\n<th>Modul<\/th>\n<th>Feld<\/th>\n<th>Beschreibung<\/th>\n<th>UID<\/th>\n<th>Abfrage-Tabelle<\/th>\n<\/tr>\n<\/thead>\n<tbody>\n<tr>\n<td>Beleg<\/td>\n<td>CardCode<\/td>\n<td>Kunde<\/td>\n<td>$[$4.1.0]<\/td>\n<td><\/td>\n<\/tr>\n<tr>\n<td>Beleg<\/td>\n<td>CntctCode<\/td>\n<td>Ansprechpartner<\/td>\n<td>$[$85.1.0]<\/td>\n<td><\/td>\n<\/tr>\n<tr>\n<td>Beleg<\/td>\n<td>DocDate<\/td>\n<td>Buchungsdatum<\/td>\n<td>$[$10.1.0]<\/td>\n<td><\/td>\n<\/tr>\n<tr>\n<td>Beleg<\/td>\n<td>TaxDate<\/td>\n<td>Belegdatum<\/td>\n<td>$[$46.1.0]<\/td>\n<td><\/td>\n<\/tr>\n<tr>\n<td>Beleg<\/td>\n<td>Comments<\/td>\n<td>Bemerkungen<\/td>\n<td>$[$16.1.0]<\/td>\n<td><\/td>\n<\/tr>\n<tr>\n<td>Beleg<\/td>\n<td>SlpCode<\/td>\n<td>Vertriebsmitarbeiter<\/td>\n<td>$[$20.1.0]<\/td>\n<td><\/td>\n<\/tr>\n<tr>\n<td>Belegzeile<\/td>\n<td>ItemCode<\/td>\n<td>Artikelnummer<\/td>\n<td>$[$38.1.0]<\/td>\n<td><\/td>\n<\/tr>\n<tr>\n<td>Belegzeile<\/td>\n<td>Quantity<\/td>\n<td>Menge<\/td>\n<td>$[$38.11.0]<\/td>\n<td><\/td>\n<\/tr>\n<tr>\n<td>Belegzeile<\/td>\n<td>unitMsr<\/td>\n<td>Me-Name<\/td>\n<td>$[$38.212.0]<\/td>\n<td><\/td>\n<\/tr>\n<tr>\n<td>Belegzeile<\/td>\n<td>DiscPrcnt<\/td>\n<td>Rabatt<\/td>\n<td>$[$38.15.0]<\/td>\n<td><\/td>\n<\/tr>\n<tr>\n<td>Belegzeile<\/td>\n<td>VatGroup<\/td>\n<td>Steuerkennzeichen<\/td>\n<td>$[$38.18.0]<\/td>\n<td><\/td>\n<\/tr>\n<tr>\n<td>Belegzeile<\/td>\n<td>FreeTxt<\/td>\n<td>Freitext<\/td>\n<td>$[$38.163.0]<\/td>\n<td><\/td>\n<\/tr>\n<tr>\n<td>Belegzeile<\/td>\n<td>WhsCode<\/td>\n<td>Lager<\/td>\n<td>$[$38.24.0]<\/td>\n<td><\/td>\n<\/tr>\n<tr>\n<td>Belegzeile<\/td>\n<td>PoTrgNum<\/td>\n<td>Beschaffungsbeleg<\/td>\n<td>$[$38.158.0]<\/td>\n<td><\/td>\n<\/tr>\n<tr>\n<td>Belegzeile<\/td>\n<td>UomCode<\/td>\n<td>Me-Code<\/td>\n<td>$[$38.1470002145.0]<\/td>\n<td><\/td>\n<\/tr>\n<tr>\n<td>Belegzeile<\/td>\n<td>OpenCreQty<\/td>\n<td>offene Menge<\/td>\n<td>$[$38.32.0]<\/td>\n<td><\/td>\n<\/tr>\n<tr>\n<td>Belegzeile<\/td>\n<td>AcctCode<\/td>\n<td>Sachkonto<\/td>\n<td>$[$38.29.0]<\/td>\n<td><\/td>\n<\/tr>\n<tr>\n<td>Belegzeile<\/td>\n<td>Project<\/td>\n<td>Projekt<\/td>\n<td>$[$38.31.0]<\/td>\n<td><\/td>\n<\/tr>\n<tr>\n<td>Belegzeile<\/td>\n<td>Length1<\/td>\n<td>L\u00e4nge1<\/td>\n<td>$[$38.53.0]<\/td>\n<td><\/td>\n<\/tr>\n<tr>\n<td>Belegzeile<\/td>\n<td>Height1<\/td>\n<td>H\u00f6he1<\/td>\n<td>$[$38.55.0]<\/td>\n<td><\/td>\n<\/tr>\n<tr>\n<td>Belegzeile<\/td>\n<td>Volume<\/td>\n<td>Volumen<\/td>\n<td>$[$38.56.0]<\/td>\n<td><\/td>\n<\/tr>\n<tr>\n<td>Belegzeile<\/td>\n<td>VolUnit<\/td>\n<td>Volumeneinheit<\/td>\n<td>$[$38.57.0]<\/td>\n<td><\/td>\n<\/tr>\n<tr>\n<td>Belegzeile<\/td>\n<td>Weight1<\/td>\n<td>Gewicht<\/td>\n<td>$[$38.58.0]<\/td>\n<td><\/td>\n<\/tr>\n<tr>\n<td>Bestandsumlagerung<\/td>\n<td>CardCode<\/td>\n<td>Gesch\u00e4ftspartner<\/td>\n<td>$[$3.1.0]<\/td>\n<td>OWTR<\/td>\n<\/tr>\n<tr>\n<td>Bestandsumlagerung<\/td>\n<td>Filler<\/td>\n<td>Von Lager<\/td>\n<td>$[$18.1.0]<\/td>\n<td>OWTR<\/td>\n<\/tr>\n<tr>\n<td>Bestandsumlagerung<\/td>\n<td>ToWhsCode<\/td>\n<td>Bis Lager<\/td>\n<td>$[$1470000101.1.0]<\/td>\n<td>OWTR<\/td>\n<\/tr>\n<tr>\n<td>Bestandsumlagerung.Zeile<\/td>\n<td>ItemCode<\/td>\n<td>Artikelnummer<\/td>\n<td>$[$23.1.0]<\/td>\n<td>WTR1<\/td>\n<\/tr>\n<tr>\n<td>Bestandsumlagerung.Zeile<\/td>\n<td>FromWhsCod<\/td>\n<td>Ausgangslager<\/td>\n<td>$[$23.1470001039.0]<\/td>\n<td>WTR1<\/td>\n<\/tr>\n<tr>\n<td>Bestandsumlagerung.Zeile<\/td>\n<td>WhsCode<\/td>\n<td>Ziellager<\/td>\n<td>$[$23.5.0]<\/td>\n<td>WTR1<\/td>\n<\/tr>\n<tr>\n<td>Bestandsumlagerung.Zeile<\/td>\n<td>Quantity<\/td>\n<td>Menge<\/td>\n<td>$[$23.10.0]<\/td>\n<td>WTR1<\/td>\n<\/tr>\n<tr>\n<td>St\u00fcckliste<\/td>\n<td>Code<\/td>\n<td>Produktnummer<\/td>\n<td>$[$4.65.0]<\/td>\n<td>OITT, ITT1<\/td>\n<\/tr>\n<tr>\n<td>St\u00fcckliste<\/td>\n<td>ToWH<\/td>\n<td>Lager<\/td>\n<td>$[$16.65.0]<\/td>\n<td>OITT, ITT1<\/td>\n<\/tr>\n<tr>\n<td>St\u00fcckliste.Zeile<\/td>\n<td>ChildNum<\/td>\n<td>Nr.<\/td>\n<td>$[$3.1.0]<\/td>\n<td>OITT, ITT1<\/td>\n<\/tr>\n<tr>\n<td>St\u00fcckliste.Zeile<\/td>\n<td>QtyVar<\/td>\n<td>Menge<\/td>\n<td>$[$3.2.0]<\/td>\n<td>OITT, ITT1<\/td>\n<\/tr>\n<tr>\n<td>St\u00fcckliste.Zeile<\/td>\n<td>Warehouse<\/td>\n<td>Lager<\/td>\n<td>$[$3.3.0]<\/td>\n<td>OITT, ITT1<\/td>\n<\/tr>\n<tr>\n<td>St\u00fcckliste.Zeile<\/td>\n<td>IssueMthd<\/td>\n<td>Ausgabemethode<\/td>\n<td>$[$3.46.0]<\/td>\n<td>OITT, ITT1<\/td>\n<\/tr>\n<tr>\n<td>Produktionsauftrag<\/td>\n<td>Type<\/td>\n<td>Typ<\/td>\n<td>$[$20.64.0]<\/td>\n<td>OWOR<\/td>\n<\/tr>\n<tr>\n<td>Produktionsauftrag<\/td>\n<td>Status<\/td>\n<td>Status<\/td>\n<td>$[$10.64.0]<\/td>\n<td>OWOR<\/td>\n<\/tr>\n<tr>\n<td>Produktionsauftrag<\/td>\n<td>ItemCode<\/td>\n<td>Produktnummer<\/td>\n<td>$[$6.64.0]<\/td>\n<td>OWOR<\/td>\n<\/tr>\n<tr>\n<td>Produktionsauftrag<\/td>\n<td>PlannedQty<\/td>\n<td>Planmenge<\/td>\n<td>$[$12.64.0]<\/td>\n<td>OWOR<\/td>\n<\/tr>\n<tr>\n<td>Produktionsauftrag<\/td>\n<td>Uom<\/td>\n<td>ME-Name<\/td>\n<td>$[$76.64.0]<\/td>\n<td>OWOR<\/td>\n<\/tr>\n<tr>\n<td>Produktionsauftrag<\/td>\n<td>Warehouse<\/td>\n<td>Lager<\/td>\n<td>$[$78.64.0]<\/td>\n<td>OWOR<\/td>\n<\/tr>\n<tr>\n<td>Produktionsauftrag<\/td>\n<td>PostDate<\/td>\n<td>Auftragsdatum<\/td>\n<td>$[$24.64.0]<\/td>\n<td>OWOR<\/td>\n<\/tr>\n<tr>\n<td>Produktionsauftrag<\/td>\n<td>StartDate<\/td>\n<td>Startdatum<\/td>\n<td>$[$234000007.64.0]<\/td>\n<td>OWOR<\/td>\n<\/tr>\n<tr>\n<td>Produktionsauftrag<\/td>\n<td>DueDate<\/td>\n<td>F\u00e4lligkeitsdatum<\/td>\n<td>$[$26.64.0]<\/td>\n<td>OWOR<\/td>\n<\/tr>\n<tr>\n<td>Produktionsauftrag<\/td>\n<td>OriginNum<\/td>\n<td>Verkn\u00fcpfter Auftrag<\/td>\n<td>$[$32.64.0]<\/td>\n<td>OWOR<\/td>\n<\/tr>\n<tr>\n<td>Produktionsauftrag<\/td>\n<td>CardCode<\/td>\n<td>Kunde<\/td>\n<td>$[$68.64.0]<\/td>\n<td>OWOR<\/td>\n<\/tr>\n<tr>\n<td>Produktionsauftrag.Zeile<\/td>\n<td>ItemCode<\/td>\n<td>Nr.<\/td>\n<td>$[$37.4.0]<\/td>\n<td>OWOR<\/td>\n<\/tr>\n<tr>\n<td>Produktionsauftrag.Zeile<\/td>\n<td>BaseQty<\/td>\n<td>Basismenge<\/td>\n<td>$[$37.2.0]<\/td>\n<td>OWOR, WTR1<\/td>\n<\/tr>\n<tr>\n<td>Produktionsauftrag.Zeile<\/td>\n<td>PlannedQty<\/td>\n<td>Planmenge<\/td>\n<td>$[$37.14.0]<\/td>\n<td>OWOR, WTR1<\/td>\n<\/tr>\n<tr>\n<td>Produktionsauftrag.Zeile<\/td>\n<td>Warehouse<\/td>\n<td>Lager<\/td>\n<td>$[$37.10.0]<\/td>\n<td>OWOR, WTR1<\/td>\n<\/tr>\n<tr>\n<td>Produktionsauftrag.Zeile<\/td>\n<td>IssueType<\/td>\n<td>Ausgabemethode<\/td>\n<td>$[$37.9.0]<\/td>\n<td>OWOR, WTR1<\/td>\n<\/tr>\n<tr>\n<td>Produktionsauftrag.Zeile<\/td>\n<td>OpenQty<\/td>\n<td>Off. Menge<\/td>\n<td>$[$37.7.0]<\/td>\n<td>OWOR, WTR1<\/td>\n<\/tr>\n<tr>\n<td>Gesch\u00e4ftspartner<\/td>\n<td>CardCode<\/td>\n<td>Code<\/td>\n<td>$[$5.1.0]<\/td>\n<td>OCRD<\/td>\n<\/tr>\n<tr>\n<td>Artikelstamm<\/td>\n<td>ItemCode<\/td>\n<td>Artikelnummer<\/td>\n<td>$[$5.1.0]<\/td>\n<td>OITM<\/td>\n<\/tr>\n<tr>\n<td>Artikelgruppe<\/td>\n<td>ItmsGrpNam<\/td>\n<td>Artikelgruppenname<\/td>\n<td>$[$6.1.0]<\/td>\n<td>OITB<\/td>\n<\/tr>\n<\/tbody>\n<\/table>\n<\/div>\n\t\t\n<style>\n#text-1323674657 {\n  font-size: 0.75rem;\n}\n@media (min-width:550px) {\n  #text-1323674657 {\n    font-size: 1rem;\n  }\n}\n@media (min-width:850px) {\n  #text-1323674657 {\n    font-size: 1.4rem;\n  }\n}\n<\/style>\n\t<\/div>\n\t\n\t<div id=\"text-3856745423\" class=\"text hidden\">\n\t\t\n<table>\n<thead>\n<tr>\n<th>Modul<\/th>\n<th>Feld<\/th>\n<th>Beschreibung<\/th>\n<th>UID<\/th>\n<th>Abfrage-Tabelle<\/th>\n<\/tr>\n<\/thead>\n<tbody>\n<tr>\n<td>Beleg<\/td>\n<td>CardCode<\/td>\n<td>Kunde<\/td>\n<td>$[$4.1.0]<\/td>\n<td><\/td>\n<\/tr>\n<tr>\n<td>Beleg<\/td>\n<td>CntctCode<\/td>\n<td>Ansprechpartner<\/td>\n<td>$[$85.1.0]<\/td>\n<td><\/td>\n<\/tr>\n<tr>\n<td>Beleg<\/td>\n<td>DocDate<\/td>\n<td>Buchungsdatum<\/td>\n<td>$[$10.1.0]<\/td>\n<td><\/td>\n<\/tr>\n<tr>\n<td>Beleg<\/td>\n<td>TaxDate<\/td>\n<td>Belegdatum<\/td>\n<td>$[$46.1.0]<\/td>\n<td><\/td>\n<\/tr>\n<tr>\n<td>Beleg<\/td>\n<td>Comments<\/td>\n<td>Bemerkungen<\/td>\n<td>$[$16.1.0]<\/td>\n<td><\/td>\n<\/tr>\n<tr>\n<td>Beleg<\/td>\n<td>SlpCode<\/td>\n<td>Vertriebsmitarbeiter<\/td>\n<td>$[$20.1.0]<\/td>\n<td><\/td>\n<\/tr>\n<tr>\n<td>Belegzeile<\/td>\n<td>ItemCode<\/td>\n<td>Artikelnummer<\/td>\n<td>$[$38.1.0]<\/td>\n<td><\/td>\n<\/tr>\n<tr>\n<td>Belegzeile<\/td>\n<td>Quantity<\/td>\n<td>Menge<\/td>\n<td>$[$38.11.0]<\/td>\n<td><\/td>\n<\/tr>\n<tr>\n<td>Belegzeile<\/td>\n<td>unitMsr<\/td>\n<td>Me-Name<\/td>\n<td>$[$38.212.0]<\/td>\n<td><\/td>\n<\/tr>\n<tr>\n<td>Belegzeile<\/td>\n<td>DiscPrcnt<\/td>\n<td>Rabatt<\/td>\n<td>$[$38.15.0]<\/td>\n<td><\/td>\n<\/tr>\n<tr>\n<td>Belegzeile<\/td>\n<td>VatGroup<\/td>\n<td>Steuerkennzeichen<\/td>\n<td>$[$38.18.0]<\/td>\n<td><\/td>\n<\/tr>\n<tr>\n<td>Belegzeile<\/td>\n<td>FreeTxt<\/td>\n<td>Freitext<\/td>\n<td>$[$38.163.0]<\/td>\n<td><\/td>\n<\/tr>\n<tr>\n<td>Belegzeile<\/td>\n<td>WhsCode<\/td>\n<td>Lager<\/td>\n<td>$[$38.24.0]<\/td>\n<td><\/td>\n<\/tr>\n<tr>\n<td>Belegzeile<\/td>\n<td>PoTrgNum<\/td>\n<td>Beschaffungsbeleg<\/td>\n<td>$[$38.158.0]<\/td>\n<td><\/td>\n<\/tr>\n<tr>\n<td>Belegzeile<\/td>\n<td>UomCode<\/td>\n<td>Me-Code<\/td>\n<td>$[$38.1470002145.0]<\/td>\n<td><\/td>\n<\/tr>\n<tr>\n<td>Belegzeile<\/td>\n<td>OpenCreQty<\/td>\n<td>offene Menge<\/td>\n<td>$[$38.32.0]<\/td>\n<td><\/td>\n<\/tr>\n<tr>\n<td>Belegzeile<\/td>\n<td>AcctCode<\/td>\n<td>Sachkonto<\/td>\n<td>$[$38.29.0]<\/td>\n<td><\/td>\n<\/tr>\n<tr>\n<td>Belegzeile<\/td>\n<td>Project<\/td>\n<td>Projekt<\/td>\n<td>$[$38.31.0]<\/td>\n<td><\/td>\n<\/tr>\n<tr>\n<td>Belegzeile<\/td>\n<td>Length1<\/td>\n<td>L\u00e4nge1<\/td>\n<td>$[$38.53.0]<\/td>\n<td><\/td>\n<\/tr>\n<tr>\n<td>Belegzeile<\/td>\n<td>Height1<\/td>\n<td>H\u00f6he1<\/td>\n<td>$[$38.55.0]<\/td>\n<td><\/td>\n<\/tr>\n<tr>\n<td>Belegzeile<\/td>\n<td>Volume<\/td>\n<td>Volumen<\/td>\n<td>$[$38.56.0]<\/td>\n<td><\/td>\n<\/tr>\n<tr>\n<td>Belegzeile<\/td>\n<td>VolUnit<\/td>\n<td>Volumeneinheit<\/td>\n<td>$[$38.57.0]<\/td>\n<td><\/td>\n<\/tr>\n<tr>\n<td>Belegzeile<\/td>\n<td>Weight1<\/td>\n<td>Gewicht<\/td>\n<td>$[$38.58.0]<\/td>\n<td><\/td>\n<\/tr>\n<tr>\n<td>Bestandsumlagerung<\/td>\n<td>CardCode<\/td>\n<td>Gesch\u00e4ftspartner<\/td>\n<td>$[$3.1.0]<\/td>\n<td>OWTR<\/td>\n<\/tr>\n<tr>\n<td>Bestandsumlagerung<\/td>\n<td>Filler<\/td>\n<td>Von Lager<\/td>\n<td>$[$18.1.0]<\/td>\n<td>OWTR<\/td>\n<\/tr>\n<tr>\n<td>Bestandsumlagerung<\/td>\n<td>ToWhsCode<\/td>\n<td>Bis Lager<\/td>\n<td>$[$1470000101.1.0]<\/td>\n<td>OWTR<\/td>\n<\/tr>\n<tr>\n<td>Bestandsumlagerung.Zeile<\/td>\n<td>ItemCode<\/td>\n<td>Artikelnummer<\/td>\n<td>$[$23.1.0]<\/td>\n<td>WTR1<\/td>\n<\/tr>\n<tr>\n<td>Bestandsumlagerung.Zeile<\/td>\n<td>FromWhsCod<\/td>\n<td>Ausgangslager<\/td>\n<td>$[$23.1470001039.0]<\/td>\n<td>WTR1<\/td>\n<\/tr>\n<tr>\n<td>Bestandsumlagerung.Zeile<\/td>\n<td>WhsCode<\/td>\n<td>Ziellager<\/td>\n<td>$[$23.5.0]<\/td>\n<td>WTR1<\/td>\n<\/tr>\n<tr>\n<td>Bestandsumlagerung.Zeile<\/td>\n<td>Quantity<\/td>\n<td>Menge<\/td>\n<td>$[$23.10.0]<\/td>\n<td>WTR1<\/td>\n<\/tr>\n<tr>\n<td>St\u00fcckliste<\/td>\n<td>Code<\/td>\n<td>Produktnummer<\/td>\n<td>$[$4.65.0]<\/td>\n<td>OITT, ITT1<\/td>\n<\/tr>\n<tr>\n<td>St\u00fcckliste<\/td>\n<td>ToWH<\/td>\n<td>Lager<\/td>\n<td>$[$16.65.0]<\/td>\n<td>OITT, ITT1<\/td>\n<\/tr>\n<tr>\n<td>St\u00fcckliste.Zeile<\/td>\n<td>ChildNum<\/td>\n<td>Nr.<\/td>\n<td>$[$3.1.0]<\/td>\n<td>OITT, ITT1<\/td>\n<\/tr>\n<tr>\n<td>St\u00fcckliste.Zeile<\/td>\n<td>QtyVar<\/td>\n<td>Menge<\/td>\n<td>$[$3.2.0]<\/td>\n<td>OITT, ITT1<\/td>\n<\/tr>\n<tr>\n<td>St\u00fcckliste.Zeile<\/td>\n<td>Warehouse<\/td>\n<td>Lager<\/td>\n<td>$[$3.3.0]<\/td>\n<td>OITT, ITT1<\/td>\n<\/tr>\n<tr>\n<td>St\u00fcckliste.Zeile<\/td>\n<td>IssueMthd<\/td>\n<td>Ausgabemethode<\/td>\n<td>$[$3.46.0]<\/td>\n<td>OITT, ITT1<\/td>\n<\/tr>\n<tr>\n<td>Produktionsauftrag<\/td>\n<td>Type<\/td>\n<td>Typ<\/td>\n<td>$[$20.64.0]<\/td>\n<td>OWOR<\/td>\n<\/tr>\n<tr>\n<td>Produktionsauftrag<\/td>\n<td>Status<\/td>\n<td>Status<\/td>\n<td>$[$10.64.0]<\/td>\n<td>OWOR<\/td>\n<\/tr>\n<tr>\n<td>Produktionsauftrag<\/td>\n<td>ItemCode<\/td>\n<td>Produktnummer<\/td>\n<td>$[$6.64.0]<\/td>\n<td>OWOR<\/td>\n<\/tr>\n<tr>\n<td>Produktionsauftrag<\/td>\n<td>PlannedQty<\/td>\n<td>Planmenge<\/td>\n<td>$[$12.64.0]<\/td>\n<td>OWOR<\/td>\n<\/tr>\n<tr>\n<td>Produktionsauftrag<\/td>\n<td>Uom<\/td>\n<td>ME-Name<\/td>\n<td>$[$76.64.0]<\/td>\n<td>OWOR<\/td>\n<\/tr>\n<tr>\n<td>Produktionsauftrag<\/td>\n<td>Warehouse<\/td>\n<td>Lager<\/td>\n<td>$[$78.64.0]<\/td>\n<td>OWOR<\/td>\n<\/tr>\n<tr>\n<td>Produktionsauftrag<\/td>\n<td>PostDate<\/td>\n<td>Auftragsdatum<\/td>\n<td>$[$24.64.0]<\/td>\n<td>OWOR<\/td>\n<\/tr>\n<tr>\n<td>Produktionsauftrag<\/td>\n<td>StartDate<\/td>\n<td>Startdatum<\/td>\n<td>$[$234000007.64.0]<\/td>\n<td>OWOR<\/td>\n<\/tr>\n<tr>\n<td>Produktionsauftrag<\/td>\n<td>DueDate<\/td>\n<td>F\u00e4lligkeitsdatum<\/td>\n<td>$[$26.64.0]<\/td>\n<td>OWOR<\/td>\n<\/tr>\n<tr>\n<td>Produktionsauftrag<\/td>\n<td>OriginNum<\/td>\n<td>Verkn\u00fcpfter Auftrag<\/td>\n<td>$[$32.64.0]<\/td>\n<td>OWOR<\/td>\n<\/tr>\n<tr>\n<td>Produktionsauftrag<\/td>\n<td>CardCode<\/td>\n<td>Kunde<\/td>\n<td>$[$68.64.0]<\/td>\n<td>OWOR<\/td>\n<\/tr>\n<tr>\n<td>Produktionsauftrag.Zeile<\/td>\n<td>ItemCode<\/td>\n<td>Nr.<\/td>\n<td>$[$37.4.0]<\/td>\n<td>OWOR<\/td>\n<\/tr>\n<tr>\n<td>Produktionsauftrag.Zeile<\/td>\n<td>BaseQty<\/td>\n<td>Basismenge<\/td>\n<td>$[$37.2.0]<\/td>\n<td>OWOR, WTR1<\/td>\n<\/tr>\n<tr>\n<td>Produktionsauftrag.Zeile<\/td>\n<td>PlannedQty<\/td>\n<td>Planmenge<\/td>\n<td>$[$37.14.0]<\/td>\n<td>OWOR, WTR1<\/td>\n<\/tr>\n<tr>\n<td>Produktionsauftrag.Zeile<\/td>\n<td>Warehouse<\/td>\n<td>Lager<\/td>\n<td>$[$37.10.0]<\/td>\n<td>OWOR, WTR1<\/td>\n<\/tr>\n<tr>\n<td>Produktionsauftrag.Zeile<\/td>\n<td>IssueType<\/td>\n<td>Ausgabemethode<\/td>\n<td>$[$37.9.0]<\/td>\n<td>OWOR, WTR1<\/td>\n<\/tr>\n<tr>\n<td>Produktionsauftrag.Zeile<\/td>\n<td>OpenQty<\/td>\n<td>Off. Menge<\/td>\n<td>$[$37.7.0]<\/td>\n<td>OWOR, WTR1<\/td>\n<\/tr>\n<tr>\n<td>Gesch\u00e4ftspartner<\/td>\n<td>CardCode<\/td>\n<td>Code<\/td>\n<td>$[$5.1.0]<\/td>\n<td>OCRD<\/td>\n<\/tr>\n<tr>\n<td>Artikelstamm<\/td>\n<td>ItemCode<\/td>\n<td>Artikelnummer<\/td>\n<td>$[$5.1.0]<\/td>\n<td>OITM<\/td>\n<\/tr>\n<tr>\n<td>Artikelgruppe<\/td>\n<td>ItmsGrpNam<\/td>\n<td>Artikelgruppenname<\/td>\n<td>$[$6.1.0]<\/td>\n<td>OITB<\/td>\n<\/tr>\n<\/tbody>\n<\/table>\n\t\t\n<style>\n#text-3856745423 {\n  font-size: 0.75rem;\n}\n@media (min-width:550px) {\n  #text-3856745423 {\n    font-size: 1rem;\n  }\n}\n@media (min-width:850px) {\n  #text-3856745423 {\n    font-size: 1.4rem;\n  }\n}\n<\/style>\n\t<\/div>\n\t\n\t\t<\/div>\n\t\t\t\t\t<\/div>\n\n\t\n<\/div>\n\n\n","protected":false},"excerpt":{"rendered":"","protected":false},"author":3,"featured_media":0,"parent":0,"menu_order":0,"comment_status":"closed","ping_status":"closed","template":"","meta":{"inline_featured_image":false,"footnotes":"","_links_to":"","_links_to_target":""},"class_list":["post-20767","page","type-page","status-publish","hentry"],"yoast_head":"<!-- This site is optimized with the Yoast SEO plugin v27.5 - https:\/\/yoast.com\/product\/yoast-seo-wordpress\/ -->\n<title>Feldinformationen f\u00fcr FMS-Abfragen &#8226; SAP Business One Consulting<\/title>\n<meta name=\"description\" content=\"\u00dcbersicht aller wichtigen Feld-UIDs f\u00fcr FMS-Abfragen in SAP Business One: Belege, Artikel, Lager, Produktion, St\u00fccklisten \u2013 ideal f\u00fcr Abfragen, Add-Ons und Entwickler.\" \/>\n<meta name=\"robots\" content=\"noindex, follow\" \/>\n<meta property=\"og:locale\" content=\"en_US\" \/>\n<meta property=\"og:type\" content=\"article\" \/>\n<meta property=\"og:title\" content=\"Feldinformationen f\u00fcr FMS-Abfragen &#8226; SAP Business One Consulting\" \/>\n<meta property=\"og:description\" content=\"\u00dcbersicht aller wichtigen Feld-UIDs f\u00fcr FMS-Abfragen in SAP Business One: Belege, Artikel, Lager, Produktion, St\u00fccklisten \u2013 ideal f\u00fcr Abfragen, Add-Ons und Entwickler.\" \/>\n<meta property=\"og:url\" content=\"https:\/\/business-one-consulting.com\/en\/field-information-fms-uid\/\" \/>\n<meta property=\"og:site_name\" content=\"SAP Business One Consulting\" \/>\n<meta property=\"article:publisher\" content=\"https:\/\/www.facebook.com\/conesprit.gmbh\" \/>\n<meta property=\"article:modified_time\" content=\"2025-12-26T10:32:32+00:00\" \/>\n<meta name=\"twitter:card\" content=\"summary_large_image\" \/>\n<meta name=\"twitter:label1\" content=\"Est. reading time\" \/>\n\t<meta name=\"twitter:data1\" content=\"1 minute\" \/>\n<script type=\"application\/ld+json\" class=\"yoast-schema-graph\">{\"@context\":\"https:\\\/\\\/schema.org\",\"@graph\":[{\"@type\":\"WebPage\",\"@id\":\"https:\\\/\\\/business-one-consulting.com\\\/feldinformationen-fms-uid\\\/\",\"url\":\"https:\\\/\\\/business-one-consulting.com\\\/feldinformationen-fms-uid\\\/\",\"name\":\"Feldinformationen f\u00fcr FMS-Abfragen &#8226; SAP Business One Consulting\",\"isPartOf\":{\"@id\":\"https:\\\/\\\/business-one-consulting.com\\\/#website\"},\"datePublished\":\"2025-08-27T15:05:25+00:00\",\"dateModified\":\"2025-12-26T10:32:32+00:00\",\"description\":\"\u00dcbersicht aller wichtigen Feld-UIDs f\u00fcr FMS-Abfragen in SAP Business One: Belege, Artikel, Lager, Produktion, St\u00fccklisten \u2013 ideal f\u00fcr Abfragen, Add-Ons und Entwickler.\",\"breadcrumb\":{\"@id\":\"https:\\\/\\\/business-one-consulting.com\\\/feldinformationen-fms-uid\\\/#breadcrumb\"},\"inLanguage\":\"en-US\",\"potentialAction\":[{\"@type\":\"ReadAction\",\"target\":[\"https:\\\/\\\/business-one-consulting.com\\\/feldinformationen-fms-uid\\\/\"]}]},{\"@type\":\"BreadcrumbList\",\"@id\":\"https:\\\/\\\/business-one-consulting.com\\\/feldinformationen-fms-uid\\\/#breadcrumb\",\"itemListElement\":[{\"@type\":\"ListItem\",\"position\":1,\"name\":\"Home\",\"item\":\"https:\\\/\\\/business-one-consulting.com\\\/\"},{\"@type\":\"ListItem\",\"position\":2,\"name\":\"Feldinformationen f\u00fcr FMS-Abfragen\"}]},{\"@type\":\"WebSite\",\"@id\":\"https:\\\/\\\/business-one-consulting.com\\\/#website\",\"url\":\"https:\\\/\\\/business-one-consulting.com\\\/\",\"name\":\"SAP Business One Consulting\",\"description\":\"\",\"potentialAction\":[{\"@type\":\"SearchAction\",\"target\":{\"@type\":\"EntryPoint\",\"urlTemplate\":\"https:\\\/\\\/business-one-consulting.com\\\/?s={search_term_string}\"},\"query-input\":{\"@type\":\"PropertyValueSpecification\",\"valueRequired\":true,\"valueName\":\"search_term_string\"}}],\"inLanguage\":\"en-US\"}]}<\/script>\n<!-- \/ Yoast SEO plugin. -->","yoast_head_json":{"title":"Field information for FMS queries \u2022 SAP Business One Consulting","description":"Access a comprehensive overview of SAP Business One FMS field information, including item UIDs and query tables.","robots":{"index":"noindex","follow":"follow"},"og_locale":"en_US","og_type":"article","og_title":"Feldinformationen f\u00fcr FMS-Abfragen &#8226; SAP Business One Consulting","og_description":"\u00dcbersicht aller wichtigen Feld-UIDs f\u00fcr FMS-Abfragen in SAP Business One: Belege, Artikel, Lager, Produktion, St\u00fccklisten \u2013 ideal f\u00fcr Abfragen, Add-Ons und Entwickler.","og_url":"https:\/\/business-one-consulting.com\/en\/field-information-fms-uid\/","og_site_name":"SAP Business One Consulting","article_publisher":"https:\/\/www.facebook.com\/conesprit.gmbh","article_modified_time":"2025-12-26T10:32:32+00:00","twitter_card":"summary_large_image","twitter_misc":{"Est. reading time":"1 minute"},"schema":{"@context":"https:\/\/schema.org","@graph":[{"@type":"WebPage","@id":"https:\/\/business-one-consulting.com\/feldinformationen-fms-uid\/","url":"https:\/\/business-one-consulting.com\/feldinformationen-fms-uid\/","name":"Field information for FMS queries \u2022 SAP Business One Consulting","isPartOf":{"@id":"https:\/\/business-one-consulting.com\/#website"},"datePublished":"2025-08-27T15:05:25+00:00","dateModified":"2025-12-26T10:32:32+00:00","description":"Access a comprehensive overview of SAP Business One FMS field information, including item UIDs and query tables.","breadcrumb":{"@id":"https:\/\/business-one-consulting.com\/feldinformationen-fms-uid\/#breadcrumb"},"inLanguage":"en-US","potentialAction":[{"@type":"ReadAction","target":["https:\/\/business-one-consulting.com\/feldinformationen-fms-uid\/"]}]},{"@type":"BreadcrumbList","@id":"https:\/\/business-one-consulting.com\/feldinformationen-fms-uid\/#breadcrumb","itemListElement":[{"@type":"ListItem","position":1,"name":"Home","item":"https:\/\/business-one-consulting.com\/"},{"@type":"ListItem","position":2,"name":"Feldinformationen f\u00fcr FMS-Abfragen"}]},{"@type":"WebSite","@id":"https:\/\/business-one-consulting.com\/#website","url":"https:\/\/business-one-consulting.com\/","name":"SAP Business One Consulting","description":"","potentialAction":[{"@type":"SearchAction","target":{"@type":"EntryPoint","urlTemplate":"https:\/\/business-one-consulting.com\/?s={search_term_string}"},"query-input":{"@type":"PropertyValueSpecification","valueRequired":true,"valueName":"search_term_string"}}],"inLanguage":"en-US"}]}},"_links":{"self":[{"href":"https:\/\/business-one-consulting.com\/en\/wp-json\/wp\/v2\/pages\/20767","targetHints":{"allow":["GET"]}}],"collection":[{"href":"https:\/\/business-one-consulting.com\/en\/wp-json\/wp\/v2\/pages"}],"about":[{"href":"https:\/\/business-one-consulting.com\/en\/wp-json\/wp\/v2\/types\/page"}],"author":[{"embeddable":true,"href":"https:\/\/business-one-consulting.com\/en\/wp-json\/wp\/v2\/users\/3"}],"replies":[{"embeddable":true,"href":"https:\/\/business-one-consulting.com\/en\/wp-json\/wp\/v2\/comments?post=20767"}],"version-history":[{"count":11,"href":"https:\/\/business-one-consulting.com\/en\/wp-json\/wp\/v2\/pages\/20767\/revisions"}],"predecessor-version":[{"id":23297,"href":"https:\/\/business-one-consulting.com\/en\/wp-json\/wp\/v2\/pages\/20767\/revisions\/23297"}],"wp:attachment":[{"href":"https:\/\/business-one-consulting.com\/en\/wp-json\/wp\/v2\/media?parent=20767"}],"curies":[{"name":"wp","href":"https:\/\/api.w.org\/{rel}","templated":true}]}}