{"id":1046,"date":"2025-07-20T11:16:32","date_gmt":"2025-07-20T09:16:32","guid":{"rendered":"https:\/\/business-one-consulting.bendit.de\/?page_id=1046"},"modified":"2026-01-07T13:15:26","modified_gmt":"2026-01-07T12:15:26","slug":"kontakt","status":"publish","type":"page","link":"https:\/\/business-one-consulting.com\/en\/contact\/","title":{"rendered":"Contact"},"content":{"rendered":"\n  <div class=\"banner has-hover has-parallax\" id=\"banner-1977182810\">\n          <div class=\"banner-inner fill\">\n        <div class=\"banner-bg fill\" data-parallax=\"-6\" data-parallax-container=\".banner\" data-parallax-background>\n            <img loading=\"lazy\" decoding=\"async\" width=\"1711\" height=\"976\" src=\"https:\/\/business-one-consulting.com\/wp-content\/uploads\/2025\/08\/Kontakt_Header_final.jpg\" class=\"bg attachment-original size-original\" alt=\"Frau sitzt in B\u00fcro und telefoniert mit Kunden von SAP Business One\" data-attachment-id=\"19611\" \/>                                    \n\t<div class=\"is-border\"\n\t\tstyle=\"border-width:0px 0px 0px 0px;margin:0px 0px 0px 20px;\">\n\t<\/div>\n                    <\/div>\n\t\t\n        <div class=\"banner-layers container\">\n            <div class=\"fill banner-link\"><\/div>            \n\n   <div id=\"text-box-1317111857\" class=\"text-box banner-layer x0 md-x0 lg-x0 y0 md-y20 lg-y20 res-text\">\n                                <div class=\"text-box-content text \">\n              \n              <div class=\"text-inner text-left\">\n                  \n\n\t<div id=\"text-3173915048\" class=\"text\">\n\t\t\n\n<p><span style=\"font-size: 80%;\">Wir freuen uns auf Sie<\/span><\/p>\n<h1>Jetzt Kontakt zu uns aufnehmen...<\/h1>\n<p><span style=\"font-size: 120%;\">...und einfach digital werden.<\/span><\/p>\n\t\t\n<style>\n#text-3173915048 {\n  font-size: 0.75rem;\n}\n@media (min-width:550px) {\n  #text-3173915048 {\n    font-size: 1.2rem;\n  }\n}\n<\/style>\n\t<\/div>\n\t\n<div class=\"row\"  id=\"row-786581156\">\n\n\n\t<div id=\"col-606780934\" class=\"col small-12 large-12\"  >\n\t\t\t\t<div class=\"col-inner\"  >\n\t\t\t\n\t\t\t\n\n<a href=\"https:\/\/www.business-one.cloud\/de\/signup\" target=\"_blank\" class=\"button secondary is-shade box-shadow-1 box-shadow-3-hover btnmb\" rel=\"noopener\" style=\"border-radius:10px;padding:8px 15px 8px 15px;\">\n\t<i class=\"icon-angle-right\" aria-hidden=\"true\"><\/i>\t<span>Jetzt Online-Demo starten<\/span>\n\t<\/a>\n\n\n<a href=\"\/kontakt\/#kontakt\" class=\"button secondary is-shade box-shadow-1 box-shadow-3-hover btnmb\" style=\"border-radius:10px;padding:8px 15px 8px 15px;\">\n\t<i class=\"icon-angle-right\" aria-hidden=\"true\"><\/i>\t<span>Nehmen Sie Kontakt auf<\/span>\n\t<\/a>\n\n\n\n\t\t<\/div>\n\t\t\t\t\t<\/div>\n\n\t\n\n<\/div>\n\n              <\/div>\n           <\/div>\n                            \n<style>\n#text-box-1317111857 {\n  margin: 20px 0px 0px 20px;\n  width: 80%;\n}\n#text-box-1317111857 .text-inner {\n  padding: 0px 0px 0px 0px;\n}\n#text-box-1317111857 .text-box-content {\n  font-size: 100%;\n}\n@media (min-width:550px) {\n  #text-box-1317111857 {\n    margin: -50px 0px 0px 50px;\n    width: 60%;\n  }\n  #text-box-1317111857 .text-box-content {\n    font-size: 90%;\n  }\n}\n@media (min-width:850px) {\n  #text-box-1317111857 {\n    width: 49%;\n  }\n  #text-box-1317111857 .text-box-content {\n    font-size: 100%;\n  }\n}\n<\/style>\n    <\/div>\n \n\n        <\/div>\n      <\/div>\n\n            \n<style>\n#banner-1977182810 {\n  padding-top: 140%;\n  background-color: rgb(237, 247, 255);\n}\n#banner-1977182810 .banner-bg img {\n  object-position: 60%;\n}\n@media (min-width:550px) {\n  #banner-1977182810 {\n    padding-top: 120%;\n  }\n}\n@media (min-width:850px) {\n  #banner-1977182810 {\n    padding-top: 40%;\n  }\n}\n<\/style>\n  <\/div>\n\n\n<div class=\"row row-large\" style=\"max-width:1400px\" id=\"row-1554074106\">\n\n\t<div id=\"col-2069919391\" class=\"col small-12 large-12\"  >\n\t\t\t\t<div class=\"col-inner\" style=\"background-color:rgb(255, 255, 255);\" >\n\t\t\t\n\t\t\t\n<span class=\"scroll-to\" data-label=\"Scroll to: #kontakt\" data-bullet=\"true\" data-link=\"#kontakt\" data-title=\"Kontakt\"><a name=\"kontakt\"><\/a><\/span>\n<div class=\"row row-collapse row-full-width\"  id=\"row-944588456\">\n\n\t<div id=\"col-1015284159\" class=\"col medium-12 small-12 large-6\"  >\n\t\t\t\t<div class=\"col-inner\"  >\n\t\t\t\n\t\t\t\n<h2><span style=\"font-size: 120%;\">Kontaktieren Sie uns<\/span><\/h2>\n<p>Gerne beraten wir Sie pers\u00f6nlich. Wir freuen uns auf den Kontakt.\u00a0<\/p>\n\t<div id=\"gap-989179296\" class=\"gap-element clearfix\" style=\"display:block; height:auto;\">\n\t\t\n<style>\n#gap-989179296 {\n  padding-top: 20px;\n}\n@media (min-width:550px) {\n  #gap-989179296 {\n    padding-top: 20px;\n  }\n}\n@media (min-width:850px) {\n  #gap-989179296 {\n    padding-top: 30px;\n  }\n}\n<\/style>\n\t<\/div>\n\t\n<div class=\"row\"  id=\"row-630661388\">\n\n\t<div id=\"col-1834278287\" class=\"col medium-6 small-12 large-6\"  >\n\t\t\t\t<div class=\"col-inner\"  >\n\t\t\t\n\t\t\t\n\t<div class=\"img has-hover x md-x lg-x y md-y lg-y\" id=\"image_1868161430\">\n\t\t\t\t\t\t\t\t<div class=\"img-inner dark\" >\n\t\t\t<img loading=\"lazy\" decoding=\"async\" width=\"512\" height=\"512\" src=\"https:\/\/business-one-consulting.com\/wp-content\/uploads\/2025\/08\/Ort_final.png\" class=\"attachment-large size-large\" alt=\"\" srcset=\"https:\/\/business-one-consulting.com\/wp-content\/uploads\/2025\/08\/Ort_final.png 512w, https:\/\/business-one-consulting.com\/wp-content\/uploads\/2025\/08\/Ort_final-300x300.png 300w, https:\/\/business-one-consulting.com\/wp-content\/uploads\/2025\/08\/Ort_final-150x150.png 150w, https:\/\/business-one-consulting.com\/wp-content\/uploads\/2025\/08\/Ort_final-12x12.png 12w, https:\/\/business-one-consulting.com\/wp-content\/uploads\/2025\/08\/Ort_final-100x100.png 100w\" sizes=\"auto, (max-width: 512px) 100vw, 512px\" data-attachment-id=\"19577\" \/>\t\t\t\t\t\t\n\t\t\t\t\t<\/div>\n\t\t\t\t\t\t\t\t\n<style>\n#image_1868161430 {\n  width: 15%;\n}\n@media (min-width:550px) {\n  #image_1868161430 {\n    width: 20%;\n  }\n}\n<\/style>\n\t<\/div>\n\t\n<h3 class=\"uppercase\">Adresse<\/h3>\n<p>conesprit GmbH<br \/>Eduard-Breuninger-Strasse 6\/1<br \/>71522 Backnang<br \/>Deutschland<\/p>\n\t\t<\/div>\n\t\t\t\t\t<\/div>\n\n\t\n\n\t<div id=\"col-1831141392\" class=\"col medium-5 small-12 large-6\"  >\n\t\t\t\t<div class=\"col-inner\"  >\n\t\t\t\n\t\t\t\n\t<div class=\"img has-hover x md-x lg-x y md-y lg-y\" id=\"image_1539630617\">\n\t\t\t\t\t\t\t\t<div class=\"img-inner dark\" >\n\t\t\t<img loading=\"lazy\" decoding=\"async\" width=\"512\" height=\"512\" src=\"https:\/\/business-one-consulting.com\/wp-content\/uploads\/2025\/08\/Uhr_final.png\" class=\"attachment-large size-large\" alt=\"\" srcset=\"https:\/\/business-one-consulting.com\/wp-content\/uploads\/2025\/08\/Uhr_final.png 512w, https:\/\/business-one-consulting.com\/wp-content\/uploads\/2025\/08\/Uhr_final-300x300.png 300w, https:\/\/business-one-consulting.com\/wp-content\/uploads\/2025\/08\/Uhr_final-150x150.png 150w, https:\/\/business-one-consulting.com\/wp-content\/uploads\/2025\/08\/Uhr_final-12x12.png 12w, https:\/\/business-one-consulting.com\/wp-content\/uploads\/2025\/08\/Uhr_final-100x100.png 100w\" sizes=\"auto, (max-width: 512px) 100vw, 512px\" data-attachment-id=\"19579\" \/>\t\t\t\t\t\t\n\t\t\t\t\t<\/div>\n\t\t\t\t\t\t\t\t\n<style>\n#image_1539630617 {\n  width: 15%;\n}\n@media (min-width:550px) {\n  #image_1539630617 {\n    width: 20%;\n  }\n}\n<\/style>\n\t<\/div>\n\t\n<h3 class=\"uppercase\">\u00d6ffnungszeiten<\/h3>\n<p>Mo. &#8211; Fr.: 8:00 bis 17:00 Uhr<\/p>\n\t\t<\/div>\n\t\t\t\t\t<\/div>\n\n\t\n<\/div>\n<div class=\"row\"  id=\"row-346618573\">\n\n\t<div id=\"col-1187358250\" class=\"col medium-6 small-12 large-6\"  >\n\t\t\t\t<div class=\"col-inner\"  >\n\t\t\t\n\t\t\t\n\t<div class=\"img has-hover x md-x lg-x y md-y lg-y\" id=\"image_1540308836\">\n\t\t\t\t\t\t\t\t<div class=\"img-inner dark\" >\n\t\t\t<img loading=\"lazy\" decoding=\"async\" width=\"512\" height=\"512\" src=\"https:\/\/business-one-consulting.com\/wp-content\/uploads\/2025\/08\/mail_final.png\" class=\"attachment-large size-large\" alt=\"\" srcset=\"https:\/\/business-one-consulting.com\/wp-content\/uploads\/2025\/08\/mail_final.png 512w, https:\/\/business-one-consulting.com\/wp-content\/uploads\/2025\/08\/mail_final-300x300.png 300w, https:\/\/business-one-consulting.com\/wp-content\/uploads\/2025\/08\/mail_final-150x150.png 150w, https:\/\/business-one-consulting.com\/wp-content\/uploads\/2025\/08\/mail_final-12x12.png 12w, https:\/\/business-one-consulting.com\/wp-content\/uploads\/2025\/08\/mail_final-100x100.png 100w\" sizes=\"auto, (max-width: 512px) 100vw, 512px\" data-attachment-id=\"19582\" \/>\t\t\t\t\t\t\n\t\t\t\t\t<\/div>\n\t\t\t\t\t\t\t\t\n<style>\n#image_1540308836 {\n  width: 15%;\n}\n@media (min-width:550px) {\n  #image_1540308836 {\n    width: 20%;\n  }\n}\n<\/style>\n\t<\/div>\n\t\n<h3 class=\"uppercase\">E-mail<\/h3>\n<p><a href=\"mailto:in**@*********************ng.com\" data-original-string=\"wt\/TKwNQQE1mD1dApiWbsw==4ce4sH\/vo\/ngrUa6oQyH6EJbkHZ1XG6gVVQlr5IDR\/E3LBEyLB7DCupRn8mA7LEm5\/DKyO5fQTQ5WDFm2Lk4cvoAA==\" title=\"This contact has been encoded by Anti-Spam by CleanTalk. Click to decode. To finish the decoding make sure that JavaScript is enabled in your browser.?subject=SAP%20Business%20One\" target=\"_blank\" rel=\"noopener\"><br \/>\n  <span \n                data-original-string='niiH6tKNHTpLKiCTPI5sQQ==4cefKpdO0YAjUWCWtXycg5\/7nwn8Q899oMQRit7gU45wXYrBhE0HmujIiO2kbYVTJLq'\n                class='apbct-email-encoder'\n                title='This contact has been encoded by Anti-Spam by CleanTalk. Click to decode. To finish the decoding make sure that JavaScript is enabled in your browser.'>in<span class=\"apbct-blur\">**<\/span>@<span class=\"apbct-blur\">*********************<\/span>ng.com<\/span><\/a><\/p>\n\t\t<\/div>\n\t\t\t\t\t<\/div>\n\n\t\n\n\t<div id=\"col-202925297\" class=\"col medium-6 small-12 large-6\"  >\n\t\t\t\t<div class=\"col-inner\"  >\n\t\t\t\n\t\t\t\n\t<div class=\"img has-hover x md-x lg-x y md-y lg-y\" id=\"image_821649923\">\n\t\t\t\t\t\t\t\t<div class=\"img-inner dark\" >\n\t\t\t<img loading=\"lazy\" decoding=\"async\" width=\"512\" height=\"512\" src=\"https:\/\/business-one-consulting.com\/wp-content\/uploads\/2025\/08\/phone_final.png\" class=\"attachment-large size-large\" alt=\"\" srcset=\"https:\/\/business-one-consulting.com\/wp-content\/uploads\/2025\/08\/phone_final.png 512w, https:\/\/business-one-consulting.com\/wp-content\/uploads\/2025\/08\/phone_final-300x300.png 300w, https:\/\/business-one-consulting.com\/wp-content\/uploads\/2025\/08\/phone_final-150x150.png 150w, https:\/\/business-one-consulting.com\/wp-content\/uploads\/2025\/08\/phone_final-12x12.png 12w, https:\/\/business-one-consulting.com\/wp-content\/uploads\/2025\/08\/phone_final-100x100.png 100w\" sizes=\"auto, (max-width: 512px) 100vw, 512px\" data-attachment-id=\"19585\" \/>\t\t\t\t\t\t\n\t\t\t\t\t<\/div>\n\t\t\t\t\t\t\t\t\n<style>\n#image_821649923 {\n  width: 15%;\n}\n@media (min-width:550px) {\n  #image_821649923 {\n    width: 20%;\n  }\n}\n<\/style>\n\t<\/div>\n\t\n<h3 class=\"uppercase\">Telefon<\/h3>\n<p>+49 7191 34 55 351<\/p>\n\t\t<\/div>\n\t\t\t\t\t<\/div>\n\n\t\n<\/div>\n\t\t<\/div>\n\t\t\t\t\n<style>\n#col-1015284159 > .col-inner {\n  padding: 0px 0px 0px 20px;\n}\n<\/style>\n\t<\/div>\n\n\t\n\n\t<div id=\"col-1572000502\" class=\"col medium-12 small-12 large-6\"  >\n\t\t\t\t<div class=\"col-inner\"  >\n\t\t\t\n\t\t\t\n<h2><span style=\"font-size: 120%;\">Sie haben Fragen?<\/span><\/h2>\n\t<div id=\"gap-288721502\" class=\"gap-element clearfix\" style=\"display:block; height:auto;\">\n\t\t\n<style>\n#gap-288721502 {\n  padding-top: 20px;\n}\n@media (min-width:550px) {\n  #gap-288721502 {\n    padding-top: 20px;\n  }\n}\n@media (min-width:850px) {\n  #gap-288721502 {\n    padding-top: 30px;\n  }\n}\n<\/style>\n\t<\/div>\n\t\n\n<div class=\"wpcf7 no-js\" id=\"wpcf7-f8-o1\" lang=\"de-DE\" dir=\"ltr\" data-wpcf7-id=\"8\">\n<div class=\"screen-reader-response\"><p role=\"status\" aria-live=\"polite\" aria-atomic=\"true\"><\/p> <ul><\/ul><\/div>\n<form action=\"\/en\/wp-json\/wp\/v2\/pages\/1046#wpcf7-f8-o1\" method=\"post\" class=\"wpcf7-form init\" aria-label=\"Kontaktformular\" novalidate=\"novalidate\" data-status=\"init\">\n<fieldset class=\"hidden-fields-container\"><input type=\"hidden\" name=\"_wpcf7\" value=\"8\" \/><input type=\"hidden\" name=\"_wpcf7_version\" value=\"6.1.5\" \/><input type=\"hidden\" name=\"_wpcf7_locale\" value=\"de_DE_formal\" \/><input type=\"hidden\" name=\"_wpcf7_unit_tag\" value=\"wpcf7-f8-o1\" \/><input type=\"hidden\" name=\"_wpcf7_container_post\" value=\"0\" \/><input type=\"hidden\" name=\"_wpcf7_posted_data_hash\" value=\"\" \/>\n<\/fieldset>\n<p><label> Ihr Name*<br \/>\n<span class=\"wpcf7-form-control-wrap\" data-name=\"your-name\"><input size=\"40\" maxlength=\"400\" class=\"wpcf7-form-control wpcf7-text wpcf7-validates-as-required\" autocomplete=\"name\" aria-required=\"true\" aria-invalid=\"false\" value=\"\" type=\"text\" name=\"your-name\" \/><\/span> <\/label>\n<\/p>\n<p><label> Ihre E-Mail*<br \/>\n<span class=\"wpcf7-form-control-wrap\" data-name=\"your-email\"><input size=\"40\" maxlength=\"400\" class=\"wpcf7-form-control wpcf7-email wpcf7-validates-as-required wpcf7-text wpcf7-validates-as-email\" autocomplete=\"email\" aria-required=\"true\" aria-invalid=\"false\" value=\"\" type=\"email\" name=\"your-email\" \/><\/span> <\/label>\n<\/p>\n<p><label> Unternehmen<br \/>\n<span class=\"wpcf7-form-control-wrap\" data-name=\"your-subject\"><input size=\"40\" maxlength=\"400\" class=\"wpcf7-form-control wpcf7-text wpcf7-validates-as-required\" aria-required=\"true\" aria-invalid=\"false\" value=\"\" type=\"text\" name=\"your-subject\" \/><\/span> <\/label>\n<\/p>\n<p><label> Ihre Nachricht<br \/>\n<span class=\"wpcf7-form-control-wrap\" data-name=\"your-message\"><textarea cols=\"40\" rows=\"10\" maxlength=\"2000\" class=\"wpcf7-form-control wpcf7-textarea\" aria-invalid=\"false\" name=\"your-message\"><\/textarea><\/span><\/label>\n<\/p>\n<p><input class=\"wpcf7-form-control wpcf7-submit has-spinner\" type=\"submit\" value=\"Senden\" \/>\n<\/p><input type=\"hidden\" id=\"ct_checkjs_cf7_320722549d1751cf3f247855f937b982\" name=\"ct_checkjs_cf7\" value=\"0\" \/><script >setTimeout(function(){var ct_input_name = \"ct_checkjs_cf7_320722549d1751cf3f247855f937b982\";if (document.getElementById(ct_input_name) !== null) {var ct_input_value = document.getElementById(ct_input_name).value;document.getElementById(ct_input_name).value = document.getElementById(ct_input_name).value.replace(ct_input_value, '57439b4910390bf4ce23a9bea876f61889a7d30ca5cc75df86bbdcf9af20eb9a');}}, 1000);<\/script><input\n                    class=\"apbct_special_field apbct_email_id__wp_contact_form_7\"\n                    name=\"apbct__email_id__wp_contact_form_7\"\n                    aria-label=\"apbct__label_id__wp_contact_form_7\"\n                    type=\"text\" size=\"30\" maxlength=\"200\" autocomplete=\"off\"\n                    value=\"\"\n                \/><div class=\"wpcf7-response-output\" aria-hidden=\"true\"><\/div>\n<\/form>\n<\/div>\n\n\t\t<\/div>\n\t\t\t\t\t<\/div>\n\n\t\n\n<style>\n#row-944588456 > .col > .col-inner {\n  padding: 0px 15px 0px 15px;\n}\n<\/style>\n<\/div>\n\t\t<\/div>\n\t\t\t\t\n<style>\n#col-2069919391 > .col-inner {\n  padding: 50px 20px 0px 20px;\n  margin: -0 0px 0px 0px;\n}\n@media (min-width:550px) {\n  #col-2069919391 > .col-inner {\n    padding: 50px 20px 30px 20px;\n    margin: 0 0px 0px 0px;\n  }\n}\n@media (min-width:850px) {\n  #col-2069919391 > .col-inner {\n    padding: 66px 5% 16px 5%;\n    margin: -135px 0px 0px 0px;\n  }\n}\n<\/style>\n\t<\/div>\n\n\t\n<\/div>\n<div class=\"row row-collapse row-full-width\"  id=\"row-1914297498\">\n\n\t<div id=\"col-1109725736\" class=\"col small-12 large-12\"  >\n\t\t\t\t<div class=\"col-inner\"  >\n\t\t\t\n\t\t\t\n\n\t<script type=\"text\/javascript\">\n  jQuery( document ).ready(function() {\n    function initialize() {\n        var styles = {\n            'flatsome':  [{\n            \"featureType\": \"administrative\",\n            \"stylers\": [\n              { \"visibility\": \"on\" }\n            ]\n          },\n          {\n            \"featureType\": \"road\",\n            \"stylers\": [\n              { \"visibility\": \"on\" },\n              { \"hue\": \"\" }\n            ]\n          },\n          {\n            \"stylers\": [\n\t\t\t  { \"visibility\": \"on\" },\n\t\t\t  { \"hue\": \"\" },\n\t\t\t  { \"saturation\": -98 }\n            ]\n          }\n        ]};\n\n        var myLatlng = new google.maps.LatLng(48.9458, 9.42945);\n        var myOptions = {\n            zoom: 19,\n            center: myLatlng,\n            mapTypeId: google.maps.MapTypeId.ROADMAP,\n            disableDefaultUI: true,\n            mapTypeId: 'flatsome',\n            draggable: true,\n            zoomControl: true,\n            zoomControlOptions: {\n              position: google.maps.ControlPosition.TOP_LEFT\n            },\n      \t\t\tmapTypeControl: true,\n            mapTypeControlOptions: {\n              position: google.maps.ControlPosition.TOP_LEFT\n            },\n      \t\t\tstreetViewControl: false,\n            streetViewControlOptions: {\n              position: google.maps.ControlPosition.TOP_LEFT\n            },\n            scrollwheel: false,\n            disableDoubleClickZoom: true\n        }\n        var map = new google.maps.Map(document.getElementById(\"map-3805744805-inner\"), myOptions);\n        var styledMapType = new google.maps.StyledMapType(styles['flatsome'], {name: 'flatsome'});\n        map.mapTypes.set('flatsome', styledMapType);\n\n        var marker = new google.maps.Marker({\n            position: myLatlng,\n            map: map,\n            title:\"\"\n        });\n    }\n\n    \/\/ Required to proceed\n    if (!(typeof google === 'object' && typeof google.maps === 'object')) {\n      return\n    }\n\n    initialize()\n    google.maps.event.addDomListener(window, 'resize', initialize);\n    });\n    <\/script>\n\n    <div class=\"google-map relative mb hidden\" id=\"map-3805744805\">\n        <div class=\"map-height\" id=\"map-3805744805-inner\"><\/div>\n        <div id=\"map_overlay_top\"><\/div>\n        <div id=\"map_overlay_bottom\"><\/div>\n         \n       \n<style>\n#map-3805744805 .map-inner {\n  background-color: #fff;\n  max-width: 100%;\n}\n#map-3805744805 .map-height {\n  height: 300px;\n}\n@media (min-width:550px) {\n  #map-3805744805 .map-inner {\n    max-width: 40%;\n  }\n  #map-3805744805 .map-height {\n    height: 600px;\n  }\n}\n@media (min-width:850px) {\n  #map-3805744805 .map-inner {\n    max-width: 0%;\n  }\n}\n<\/style>\n    <\/div>\n\n\t\n\t\t<\/div>\n\t\t\t\t\n<style>\n#col-1109725736 > .col-inner {\n  padding: 0px 30px 0px 30px;\n}\n<\/style>\n\t<\/div>\n\n\t\n<\/div>\n","protected":false},"excerpt":{"rendered":"","protected":false},"author":3,"featured_media":0,"parent":0,"menu_order":0,"comment_status":"closed","ping_status":"closed","template":"page-blank.php","meta":{"inline_featured_image":false,"footnotes":"","_links_to":"","_links_to_target":""},"class_list":["post-1046","page","type-page","status-publish","hentry"],"yoast_head":"<!-- This site is optimized with the Yoast SEO plugin v27.3 - https:\/\/yoast.com\/product\/yoast-seo-wordpress\/ -->\n<title>Kontakt &#8226; SAP Business One Consulting<\/title>\n<meta name=\"description\" content=\"Kontaktformular f\u00fcr Microsoft 365 Beratung: Wir unterst\u00fctzen Sie bei Einf\u00fchrung, Lizenzierung, Modern Workplace und Cloud-Integration.\" \/>\n<meta name=\"robots\" content=\"index, follow, max-snippet:-1, max-image-preview:large, max-video-preview:-1\" \/>\n<link rel=\"canonical\" href=\"https:\/\/business-one-consulting.com\/en\/contact\/\" \/>\n<meta property=\"og:locale\" content=\"en_US\" \/>\n<meta property=\"og:type\" content=\"article\" \/>\n<meta property=\"og:title\" content=\"Kontakt &#8226; SAP Business One Consulting\" \/>\n<meta property=\"og:description\" content=\"Kontaktformular f\u00fcr Microsoft 365 Beratung: Wir unterst\u00fctzen Sie bei Einf\u00fchrung, Lizenzierung, Modern Workplace und Cloud-Integration.\" \/>\n<meta property=\"og:url\" content=\"https:\/\/business-one-consulting.com\/en\/contact\/\" \/>\n<meta property=\"og:site_name\" content=\"SAP Business One Consulting\" \/>\n<meta property=\"article:publisher\" content=\"https:\/\/www.facebook.com\/conesprit.gmbh\" \/>\n<meta property=\"article:modified_time\" content=\"2026-01-07T12:15:26+00:00\" \/>\n<meta name=\"twitter:card\" content=\"summary_large_image\" \/>\n<meta name=\"twitter:label1\" content=\"Est. reading time\" \/>\n\t<meta name=\"twitter:data1\" content=\"1 minute\" \/>\n<script type=\"application\/ld+json\" class=\"yoast-schema-graph\">{\"@context\":\"https:\\\/\\\/schema.org\",\"@graph\":[{\"@type\":\"WebPage\",\"@id\":\"https:\\\/\\\/business-one-consulting.com\\\/kontakt\\\/\",\"url\":\"https:\\\/\\\/business-one-consulting.com\\\/kontakt\\\/\",\"name\":\"Kontakt &#8226; SAP Business One Consulting\",\"isPartOf\":{\"@id\":\"https:\\\/\\\/business-one-consulting.com\\\/#website\"},\"datePublished\":\"2025-07-20T09:16:32+00:00\",\"dateModified\":\"2026-01-07T12:15:26+00:00\",\"description\":\"Kontaktformular f\u00fcr Microsoft 365 Beratung: Wir unterst\u00fctzen Sie bei Einf\u00fchrung, Lizenzierung, Modern Workplace und Cloud-Integration.\",\"breadcrumb\":{\"@id\":\"https:\\\/\\\/business-one-consulting.com\\\/kontakt\\\/#breadcrumb\"},\"inLanguage\":\"en-US\",\"potentialAction\":[{\"@type\":\"ReadAction\",\"target\":[\"https:\\\/\\\/business-one-consulting.com\\\/kontakt\\\/\"]}]},{\"@type\":\"BreadcrumbList\",\"@id\":\"https:\\\/\\\/business-one-consulting.com\\\/kontakt\\\/#breadcrumb\",\"itemListElement\":[{\"@type\":\"ListItem\",\"position\":1,\"name\":\"Home\",\"item\":\"https:\\\/\\\/business-one-consulting.com\\\/\"},{\"@type\":\"ListItem\",\"position\":2,\"name\":\"Kontakt\"}]},{\"@type\":\"WebSite\",\"@id\":\"https:\\\/\\\/business-one-consulting.com\\\/#website\",\"url\":\"https:\\\/\\\/business-one-consulting.com\\\/\",\"name\":\"SAP Business One Consulting\",\"description\":\"\",\"potentialAction\":[{\"@type\":\"SearchAction\",\"target\":{\"@type\":\"EntryPoint\",\"urlTemplate\":\"https:\\\/\\\/business-one-consulting.com\\\/?s={search_term_string}\"},\"query-input\":{\"@type\":\"PropertyValueSpecification\",\"valueRequired\":true,\"valueName\":\"search_term_string\"}}],\"inLanguage\":\"en-US\"}]}<\/script>\n<!-- \/ Yoast SEO plugin. -->","yoast_head_json":{"title":"Contact \u2022 SAP Business One Consulting","description":"Contact form for Microsoft 365 consulting: We support you with implementation, licensing, modern workplace and cloud integration.","robots":{"index":"index","follow":"follow","max-snippet":"max-snippet:-1","max-image-preview":"max-image-preview:large","max-video-preview":"max-video-preview:-1"},"canonical":"https:\/\/business-one-consulting.com\/en\/contact\/","og_locale":"en_US","og_type":"article","og_title":"Kontakt &#8226; SAP Business One Consulting","og_description":"Kontaktformular f\u00fcr Microsoft 365 Beratung: Wir unterst\u00fctzen Sie bei Einf\u00fchrung, Lizenzierung, Modern Workplace und Cloud-Integration.","og_url":"https:\/\/business-one-consulting.com\/en\/contact\/","og_site_name":"SAP Business One Consulting","article_publisher":"https:\/\/www.facebook.com\/conesprit.gmbh","article_modified_time":"2026-01-07T12:15:26+00:00","twitter_card":"summary_large_image","twitter_misc":{"Est. reading time":"1 minute"},"schema":{"@context":"https:\/\/schema.org","@graph":[{"@type":"WebPage","@id":"https:\/\/business-one-consulting.com\/kontakt\/","url":"https:\/\/business-one-consulting.com\/kontakt\/","name":"Contact \u2022 SAP Business One Consulting","isPartOf":{"@id":"https:\/\/business-one-consulting.com\/#website"},"datePublished":"2025-07-20T09:16:32+00:00","dateModified":"2026-01-07T12:15:26+00:00","description":"Contact form for Microsoft 365 consulting: We support you with implementation, licensing, modern workplace and cloud integration.","breadcrumb":{"@id":"https:\/\/business-one-consulting.com\/kontakt\/#breadcrumb"},"inLanguage":"en-US","potentialAction":[{"@type":"ReadAction","target":["https:\/\/business-one-consulting.com\/kontakt\/"]}]},{"@type":"BreadcrumbList","@id":"https:\/\/business-one-consulting.com\/kontakt\/#breadcrumb","itemListElement":[{"@type":"ListItem","position":1,"name":"Home","item":"https:\/\/business-one-consulting.com\/"},{"@type":"ListItem","position":2,"name":"Kontakt"}]},{"@type":"WebSite","@id":"https:\/\/business-one-consulting.com\/#website","url":"https:\/\/business-one-consulting.com\/","name":"SAP Business One Consulting","description":"","potentialAction":[{"@type":"SearchAction","target":{"@type":"EntryPoint","urlTemplate":"https:\/\/business-one-consulting.com\/?s={search_term_string}"},"query-input":{"@type":"PropertyValueSpecification","valueRequired":true,"valueName":"search_term_string"}}],"inLanguage":"en-US"}]}},"_links":{"self":[{"href":"https:\/\/business-one-consulting.com\/en\/wp-json\/wp\/v2\/pages\/1046","targetHints":{"allow":["GET"]}}],"collection":[{"href":"https:\/\/business-one-consulting.com\/en\/wp-json\/wp\/v2\/pages"}],"about":[{"href":"https:\/\/business-one-consulting.com\/en\/wp-json\/wp\/v2\/types\/page"}],"author":[{"embeddable":true,"href":"https:\/\/business-one-consulting.com\/en\/wp-json\/wp\/v2\/users\/3"}],"replies":[{"embeddable":true,"href":"https:\/\/business-one-consulting.com\/en\/wp-json\/wp\/v2\/comments?post=1046"}],"version-history":[{"count":10,"href":"https:\/\/business-one-consulting.com\/en\/wp-json\/wp\/v2\/pages\/1046\/revisions"}],"predecessor-version":[{"id":23318,"href":"https:\/\/business-one-consulting.com\/en\/wp-json\/wp\/v2\/pages\/1046\/revisions\/23318"}],"wp:attachment":[{"href":"https:\/\/business-one-consulting.com\/en\/wp-json\/wp\/v2\/media?parent=1046"}],"curies":[{"name":"wp","href":"https:\/\/api.w.org\/{rel}","templated":true}]}}